{"id":28,"date":"2024-06-25T10:29:31","date_gmt":"2024-06-25T13:29:31","guid":{"rendered":"https:\/\/artfexmusic.com.br\/weddings\/?page_id=28"},"modified":"2024-08-19T08:28:56","modified_gmt":"2024-08-19T11:28:56","slug":"nossos-servicos","status":"publish","type":"page","link":"https:\/\/artfexmusic.com.br\/weddings\/nossos-servicos\/","title":{"rendered":"Nossos Servi\u00e7os"},"content":{"rendered":"\t\t<div data-elementor-type=\"wp-page\" data-elementor-id=\"28\" class=\"elementor elementor-28\" data-elementor-post-type=\"page\">\n\t\t\t\t<div class=\"elementor-element elementor-element-360b94f e-flex e-con-boxed e-con e-parent\" data-id=\"360b94f\" data-element_type=\"container\" data-settings=\"{&quot;background_background&quot;:&quot;classic&quot;}\">\n\t\t\t\t\t<div class=\"e-con-inner\">\n\t\t\t\t<div class=\"elementor-element elementor-element-6fc4170 elementor-widget elementor-widget-image\" data-id=\"6fc4170\" data-element_type=\"widget\" data-widget_type=\"image.default\">\n\t\t\t\t<div class=\"elementor-widget-container\">\n\t\t\t\t\t\t\t\t\t\t\t\t\t\t\t<img fetchpriority=\"high\" decoding=\"async\" width=\"609\" height=\"227\" src=\"https:\/\/artfexmusic.com.br\/weddings\/wp-content\/uploads\/2024\/06\/Artfex-wedding-logo-banner-principal.webp\" class=\"attachment-large size-large wp-image-46\" alt=\"\" srcset=\"https:\/\/artfexmusic.com.br\/weddings\/wp-content\/uploads\/2024\/06\/Artfex-wedding-logo-banner-principal.webp 609w, https:\/\/artfexmusic.com.br\/weddings\/wp-content\/uploads\/2024\/06\/Artfex-wedding-logo-banner-principal-300x112.webp 300w\" sizes=\"(max-width: 609px) 100vw, 609px\" \/>\t\t\t\t\t\t\t\t\t\t\t\t\t\t\t<\/div>\n\t\t\t\t<\/div>\n\t\t\t\t\t<\/div>\n\t\t\t\t<\/div>\n\t\t<div class=\"elementor-element elementor-element-3477883 e-flex e-con-boxed e-con e-parent\" data-id=\"3477883\" data-element_type=\"container\">\n\t\t\t\t\t<div class=\"e-con-inner\">\n\t\t\t\t<div class=\"elementor-element elementor-element-0d99e0f elementor-widget elementor-widget-heading\" data-id=\"0d99e0f\" data-element_type=\"widget\" data-widget_type=\"heading.default\">\n\t\t\t\t<div class=\"elementor-widget-container\">\n\t\t\t\t\t<h2 class=\"elementor-heading-title elementor-size-default\">ARTFEX WEDDINGS<\/h2>\t\t\t\t<\/div>\n\t\t\t\t<\/div>\n\t\t\t\t<div class=\"elementor-element elementor-element-2ef39e2 elementor-widget elementor-widget-image\" data-id=\"2ef39e2\" data-element_type=\"widget\" data-widget_type=\"image.default\">\n\t\t\t\t<div class=\"elementor-widget-container\">\n\t\t\t\t\t\t\t\t\t\t\t\t\t\t\t<img decoding=\"async\" width=\"146\" height=\"7\" src=\"https:\/\/artfexmusic.com.br\/weddings\/wp-content\/uploads\/2024\/06\/Artfex-wedding-linhas-titulo.webp\" class=\"attachment-large size-large wp-image-47\" alt=\"\" \/>\t\t\t\t\t\t\t\t\t\t\t\t\t\t\t<\/div>\n\t\t\t\t<\/div>\n\t\t\t\t<div class=\"elementor-element elementor-element-7225f8a elementor-widget elementor-widget-text-editor\" data-id=\"7225f8a\" data-element_type=\"widget\" data-widget_type=\"text-editor.default\">\n\t\t\t\t<div class=\"elementor-widget-container\">\n\t\t\t\t\t\t\t\t\t<p>Na Artfex Weddings, oferecemos uma variedade de servi\u00e7os musicais personalizados para tornar o seu casamento ainda mais especial e memor\u00e1vel. Com uma equipe de m\u00fasicos talentosos e experientes, estamos preparados para atender a todas as suas necessidades musicais, desde a cerim\u00f4nia at\u00e9 a festa.<\/p>\t\t\t\t\t\t\t\t<\/div>\n\t\t\t\t<\/div>\n\t\t\t\t\t<\/div>\n\t\t\t\t<\/div>\n\t\t<div class=\"elementor-element elementor-element-254a215 e-flex e-con-boxed e-con e-parent\" data-id=\"254a215\" data-element_type=\"container\">\n\t\t\t\t\t<div class=\"e-con-inner\">\n\t\t<div class=\"elementor-element elementor-element-1ef9a80 e-con-full e-flex e-con e-child\" data-id=\"1ef9a80\" data-element_type=\"container\">\n\t\t\t\t<div class=\"elementor-element elementor-element-354f701 elementor-widget elementor-widget-image\" data-id=\"354f701\" data-element_type=\"widget\" data-widget_type=\"image.default\">\n\t\t\t\t<div class=\"elementor-widget-container\">\n\t\t\t\t\t\t\t\t\t\t\t\t\t\t\t<img decoding=\"async\" width=\"541\" height=\"665\" src=\"https:\/\/artfexmusic.com.br\/weddings\/wp-content\/uploads\/2024\/06\/Artfex-wedding-banner-nossos-servicos-cerimonia-personalizada.webp\" class=\"attachment-large size-large wp-image-71\" alt=\"\" srcset=\"https:\/\/artfexmusic.com.br\/weddings\/wp-content\/uploads\/2024\/06\/Artfex-wedding-banner-nossos-servicos-cerimonia-personalizada.webp 541w, https:\/\/artfexmusic.com.br\/weddings\/wp-content\/uploads\/2024\/06\/Artfex-wedding-banner-nossos-servicos-cerimonia-personalizada-244x300.webp 244w\" sizes=\"(max-width: 541px) 100vw, 541px\" \/>\t\t\t\t\t\t\t\t\t\t\t\t\t\t\t<\/div>\n\t\t\t\t<\/div>\n\t\t\t\t<\/div>\n\t\t<div class=\"elementor-element elementor-element-57dc86f e-con-full e-flex e-con e-child\" data-id=\"57dc86f\" data-element_type=\"container\">\n\t\t<div class=\"elementor-element elementor-element-2012168 e-con-full e-flex e-con e-child\" data-id=\"2012168\" data-element_type=\"container\">\n\t\t\t\t<div class=\"elementor-element elementor-element-83c317e elementor-widget elementor-widget-heading\" data-id=\"83c317e\" data-element_type=\"widget\" data-widget_type=\"heading.default\">\n\t\t\t\t<div class=\"elementor-widget-container\">\n\t\t\t\t\t<h2 class=\"elementor-heading-title elementor-size-default\">musica ao vivo na\u00a0sua\u00a0cerimonia<\/h2>\t\t\t\t<\/div>\n\t\t\t\t<\/div>\n\t\t\t\t<div class=\"elementor-element elementor-element-84aaf64 elementor-widget elementor-widget-image\" data-id=\"84aaf64\" data-element_type=\"widget\" data-widget_type=\"image.default\">\n\t\t\t\t<div class=\"elementor-widget-container\">\n\t\t\t\t\t\t\t\t\t\t\t\t\t\t\t<img decoding=\"async\" width=\"146\" height=\"7\" src=\"https:\/\/artfexmusic.com.br\/weddings\/wp-content\/uploads\/2024\/06\/Artfex-wedding-linhas-titulo.webp\" class=\"attachment-large size-large wp-image-47\" alt=\"\" \/>\t\t\t\t\t\t\t\t\t\t\t\t\t\t\t<\/div>\n\t\t\t\t<\/div>\n\t\t\t\t<div class=\"elementor-element elementor-element-547a6aa elementor-widget elementor-widget-text-editor\" data-id=\"547a6aa\" data-element_type=\"widget\" data-widget_type=\"text-editor.default\">\n\t\t\t\t<div class=\"elementor-widget-container\">\n\t\t\t\t\t\t\t\t\t<p>\u2022 M\u00fasica ao vivo para cerim\u00f4nia<\/p><p>\u2022 Formatos cl\u00e1ssicos de duetos a orquestras com maestro<\/p><p>\u2022 Formatos populares<\/p><p>\u2022 Formatos mistos<\/p><p>\u2022 Cria\u00e7\u00e3o de figurinos personalizados<\/p>\t\t\t\t\t\t\t\t<\/div>\n\t\t\t\t<\/div>\n\t\t\t\t<div class=\"elementor-element elementor-element-b9aab2d elementor-widget-divider--view-line elementor-widget elementor-widget-divider\" data-id=\"b9aab2d\" data-element_type=\"widget\" data-widget_type=\"divider.default\">\n\t\t\t\t<div class=\"elementor-widget-container\">\n\t\t\t\t\t\t\t<div class=\"elementor-divider\">\n\t\t\t<span class=\"elementor-divider-separator\">\n\t\t\t\t\t\t<\/span>\n\t\t<\/div>\n\t\t\t\t\t\t<\/div>\n\t\t\t\t<\/div>\n\t\t\t\t<\/div>\n\t\t\t\t<\/div>\n\t\t\t\t\t<\/div>\n\t\t\t\t<\/div>\n\t\t<div class=\"elementor-element elementor-element-9523ae6 e-flex e-con-boxed e-con e-parent\" data-id=\"9523ae6\" data-element_type=\"container\">\n\t\t\t\t\t<div class=\"e-con-inner\">\n\t\t<div class=\"elementor-element elementor-element-5677822 e-con-full e-flex e-con e-child\" data-id=\"5677822\" data-element_type=\"container\">\n\t\t<div class=\"elementor-element elementor-element-407cd10 e-con-full e-flex e-con e-child\" data-id=\"407cd10\" data-element_type=\"container\">\n\t\t\t\t<div class=\"elementor-element elementor-element-ee3da7f elementor-widget elementor-widget-heading\" data-id=\"ee3da7f\" data-element_type=\"widget\" data-widget_type=\"heading.default\">\n\t\t\t\t<div class=\"elementor-widget-container\">\n\t\t\t\t\t<h2 class=\"elementor-heading-title elementor-size-default\">Consultoria Musical<\/h2>\t\t\t\t<\/div>\n\t\t\t\t<\/div>\n\t\t\t\t<div class=\"elementor-element elementor-element-1cdd4d6 elementor-widget elementor-widget-image\" data-id=\"1cdd4d6\" data-element_type=\"widget\" data-widget_type=\"image.default\">\n\t\t\t\t<div class=\"elementor-widget-container\">\n\t\t\t\t\t\t\t\t\t\t\t\t\t\t\t<img decoding=\"async\" width=\"146\" height=\"7\" src=\"https:\/\/artfexmusic.com.br\/weddings\/wp-content\/uploads\/2024\/06\/Artfex-wedding-linhas-titulo.webp\" class=\"attachment-large size-large wp-image-47\" alt=\"\" \/>\t\t\t\t\t\t\t\t\t\t\t\t\t\t\t<\/div>\n\t\t\t\t<\/div>\n\t\t\t\t<div class=\"elementor-element elementor-element-306f918 elementor-widget elementor-widget-text-editor\" data-id=\"306f918\" data-element_type=\"widget\" data-widget_type=\"text-editor.default\">\n\t\t\t\t<div class=\"elementor-widget-container\">\n\t\t\t\t\t\t\t\t\t<p>\u2022 M\u00fasica para sua festa de casamento!<\/p><p>\u2022 Recep\u00e7ao dos convidados<\/p><p>\u2022 Atra\u00e7\u00f5es para sua pista de dan\u00e7a<\/p><p>\u2022 Curadoria Musical &#8211; Artfex Music<\/p><p>\u2022 Cria\u00e7\u00e3o de figurinos personalizados<\/p>\t\t\t\t\t\t\t\t<\/div>\n\t\t\t\t<\/div>\n\t\t\t\t<div class=\"elementor-element elementor-element-b2d47b3 elementor-widget-divider--view-line elementor-widget elementor-widget-divider\" data-id=\"b2d47b3\" data-element_type=\"widget\" data-widget_type=\"divider.default\">\n\t\t\t\t<div class=\"elementor-widget-container\">\n\t\t\t\t\t\t\t<div class=\"elementor-divider\">\n\t\t\t<span class=\"elementor-divider-separator\">\n\t\t\t\t\t\t<\/span>\n\t\t<\/div>\n\t\t\t\t\t\t<\/div>\n\t\t\t\t<\/div>\n\t\t\t\t<\/div>\n\t\t\t\t<\/div>\n\t\t<div class=\"elementor-element elementor-element-340d656 e-con-full e-flex e-con e-child\" data-id=\"340d656\" data-element_type=\"container\">\n\t\t\t\t<div class=\"elementor-element elementor-element-df8b42b elementor-widget elementor-widget-image\" data-id=\"df8b42b\" data-element_type=\"widget\" data-widget_type=\"image.default\">\n\t\t\t\t<div class=\"elementor-widget-container\">\n\t\t\t\t\t\t\t\t\t\t\t\t\t\t\t<img loading=\"lazy\" decoding=\"async\" width=\"541\" height=\"665\" src=\"https:\/\/artfexmusic.com.br\/weddings\/wp-content\/uploads\/2024\/06\/Artfex-wedding-banner-nossos-servicos-consultoria-musical.webp\" class=\"attachment-large size-large wp-image-55\" alt=\"\" srcset=\"https:\/\/artfexmusic.com.br\/weddings\/wp-content\/uploads\/2024\/06\/Artfex-wedding-banner-nossos-servicos-consultoria-musical.webp 541w, https:\/\/artfexmusic.com.br\/weddings\/wp-content\/uploads\/2024\/06\/Artfex-wedding-banner-nossos-servicos-consultoria-musical-244x300.webp 244w\" sizes=\"(max-width: 541px) 100vw, 541px\" \/>\t\t\t\t\t\t\t\t\t\t\t\t\t\t\t<\/div>\n\t\t\t\t<\/div>\n\t\t\t\t<\/div>\n\t\t\t\t\t<\/div>\n\t\t\t\t<\/div>\n\t\t<div class=\"elementor-element elementor-element-cf1f40e e-flex e-con-boxed e-con e-parent\" data-id=\"cf1f40e\" data-element_type=\"container\">\n\t\t\t\t\t<div class=\"e-con-inner\">\n\t\t<div class=\"elementor-element elementor-element-24a4a80 e-con-full e-flex e-con e-child\" data-id=\"24a4a80\" data-element_type=\"container\">\n\t\t\t\t<div class=\"elementor-element elementor-element-7c1f812 elementor-widget elementor-widget-image\" data-id=\"7c1f812\" data-element_type=\"widget\" data-widget_type=\"image.default\">\n\t\t\t\t<div class=\"elementor-widget-container\">\n\t\t\t\t\t\t\t\t\t\t\t\t\t\t\t<img loading=\"lazy\" decoding=\"async\" width=\"541\" height=\"665\" src=\"https:\/\/artfexmusic.com.br\/weddings\/wp-content\/uploads\/2024\/06\/Artfex-wedding-banner-nossos-servicos-musicos-profissionais.webp\" class=\"attachment-large size-large wp-image-56\" alt=\"\" srcset=\"https:\/\/artfexmusic.com.br\/weddings\/wp-content\/uploads\/2024\/06\/Artfex-wedding-banner-nossos-servicos-musicos-profissionais.webp 541w, https:\/\/artfexmusic.com.br\/weddings\/wp-content\/uploads\/2024\/06\/Artfex-wedding-banner-nossos-servicos-musicos-profissionais-244x300.webp 244w\" sizes=\"(max-width: 541px) 100vw, 541px\" \/>\t\t\t\t\t\t\t\t\t\t\t\t\t\t\t<\/div>\n\t\t\t\t<\/div>\n\t\t\t\t<\/div>\n\t\t<div class=\"elementor-element elementor-element-a23417f e-con-full e-flex e-con e-child\" data-id=\"a23417f\" data-element_type=\"container\">\n\t\t<div class=\"elementor-element elementor-element-f27b0c5 e-con-full e-flex e-con e-child\" data-id=\"f27b0c5\" data-element_type=\"container\">\n\t\t\t\t<div class=\"elementor-element elementor-element-0bbb18b elementor-widget elementor-widget-heading\" data-id=\"0bbb18b\" data-element_type=\"widget\" data-widget_type=\"heading.default\">\n\t\t\t\t<div class=\"elementor-widget-container\">\n\t\t\t\t\t<h2 class=\"elementor-heading-title elementor-size-default\">equipes musicais sob medida\n<\/h2>\t\t\t\t<\/div>\n\t\t\t\t<\/div>\n\t\t\t\t<div class=\"elementor-element elementor-element-997396c elementor-widget elementor-widget-image\" data-id=\"997396c\" data-element_type=\"widget\" data-widget_type=\"image.default\">\n\t\t\t\t<div class=\"elementor-widget-container\">\n\t\t\t\t\t\t\t\t\t\t\t\t\t\t\t<img decoding=\"async\" width=\"146\" height=\"7\" src=\"https:\/\/artfexmusic.com.br\/weddings\/wp-content\/uploads\/2024\/06\/Artfex-wedding-linhas-titulo.webp\" class=\"attachment-large size-large wp-image-47\" alt=\"\" \/>\t\t\t\t\t\t\t\t\t\t\t\t\t\t\t<\/div>\n\t\t\t\t<\/div>\n\t\t\t\t<div class=\"elementor-element elementor-element-144e6d0 elementor-widget elementor-widget-text-editor\" data-id=\"144e6d0\" data-element_type=\"widget\" data-widget_type=\"text-editor.default\">\n\t\t\t\t<div class=\"elementor-widget-container\">\n\t\t\t\t\t\t\t\t\t<p>\u2022 Artfex Som &amp; Luz<\/p><p>\u2022 Estruturas mais compactas para casamentos mais intimistas<\/p><p>\u2022 Estruturas para casamentos de (at\u00e9 300 convidados)<\/p><p>\u2022 Estruturas sob demanda para casamentos maiores (a partir de 300 convidados)<\/p><p>\u2022 Cria\u00e7\u00e3o de figurinos personalizados<\/p>\t\t\t\t\t\t\t\t<\/div>\n\t\t\t\t<\/div>\n\t\t\t\t<div class=\"elementor-element elementor-element-786931e elementor-widget-divider--view-line elementor-widget elementor-widget-divider\" data-id=\"786931e\" data-element_type=\"widget\" data-widget_type=\"divider.default\">\n\t\t\t\t<div class=\"elementor-widget-container\">\n\t\t\t\t\t\t\t<div class=\"elementor-divider\">\n\t\t\t<span class=\"elementor-divider-separator\">\n\t\t\t\t\t\t<\/span>\n\t\t<\/div>\n\t\t\t\t\t\t<\/div>\n\t\t\t\t<\/div>\n\t\t\t\t<\/div>\n\t\t\t\t<\/div>\n\t\t\t\t\t<\/div>\n\t\t\t\t<\/div>\n\t\t<div class=\"elementor-element elementor-element-0df9997 e-flex e-con-boxed e-con e-parent\" data-id=\"0df9997\" data-element_type=\"container\">\n\t\t\t\t\t<div class=\"e-con-inner\">\n\t\t\t\t<div class=\"elementor-element elementor-element-4c511a1 elementor-widget elementor-widget-heading\" data-id=\"4c511a1\" data-element_type=\"widget\" data-widget_type=\"heading.default\">\n\t\t\t\t<div class=\"elementor-widget-container\">\n\t\t\t\t\t<h2 class=\"elementor-heading-title elementor-size-default\">VIVA A EXPERI\u00caNCIA ARTFEX <\/h2>\t\t\t\t<\/div>\n\t\t\t\t<\/div>\n\t\t\t\t<div class=\"elementor-element elementor-element-c2dd630 elementor-widget elementor-widget-image\" data-id=\"c2dd630\" data-element_type=\"widget\" data-widget_type=\"image.default\">\n\t\t\t\t<div class=\"elementor-widget-container\">\n\t\t\t\t\t\t\t\t\t\t\t\t\t\t\t<img decoding=\"async\" width=\"146\" height=\"7\" src=\"https:\/\/artfexmusic.com.br\/weddings\/wp-content\/uploads\/2024\/06\/Artfex-wedding-linhas-titulo.webp\" class=\"attachment-large size-large wp-image-47\" alt=\"\" \/>\t\t\t\t\t\t\t\t\t\t\t\t\t\t\t<\/div>\n\t\t\t\t<\/div>\n\t\t\t\t<div class=\"elementor-element elementor-element-33bfa57 elementor-widget elementor-widget-text-editor\" data-id=\"33bfa57\" data-element_type=\"widget\" data-widget_type=\"text-editor.default\">\n\t\t\t\t<div class=\"elementor-widget-container\">\n\t\t\t\t\t\t\t\t\t<p>Solicite um or\u00e7amento na Artfex Weddings, entendemos que cada casamento \u00e9 \u00fanico e especial, e por isso oferecemos servi\u00e7os musicais personalizados para atender \u00e0s necessidades e expectativas de cada casal.<\/p>\t\t\t\t\t\t\t\t<\/div>\n\t\t\t\t<\/div>\n\t\t\t\t<div class=\"elementor-element elementor-element-04dc422 elementor-align-right elementor-widget elementor-widget-button\" data-id=\"04dc422\" data-element_type=\"widget\" data-widget_type=\"button.default\">\n\t\t\t\t<div class=\"elementor-widget-container\">\n\t\t\t\t\t\t\t\t\t<div class=\"elementor-button-wrapper\">\n\t\t\t\t\t<a class=\"elementor-button elementor-button-link elementor-size-sm\" href=\"https:\/\/wa.me\/5561992929591\">\n\t\t\t\t\t\t<span class=\"elementor-button-content-wrapper\">\n\t\t\t\t\t\t\t\t\t<span class=\"elementor-button-text\">Whatsapp<\/span>\n\t\t\t\t\t<\/span>\n\t\t\t\t\t<\/a>\n\t\t\t\t<\/div>\n\t\t\t\t\t\t\t\t<\/div>\n\t\t\t\t<\/div>\n\t\t\t\t\t<\/div>\n\t\t\t\t<\/div>\n\t\t\t\t<\/div>\n\t\t","protected":false},"excerpt":{"rendered":"<p>ARTFEX WEDDINGS Na Artfex Weddings, oferecemos uma variedade de servi\u00e7os musicais personalizados para tornar o seu casamento ainda mais especial e memor\u00e1vel. Com uma equipe de m\u00fasicos talentosos e experientes, estamos preparados para atender a todas as suas necessidades musicais, desde a cerim\u00f4nia at\u00e9 a festa. musica ao vivo na\u00a0sua\u00a0cerimonia \u2022 M\u00fasica ao vivo para [&hellip;]<\/p>\n","protected":false},"author":1,"featured_media":0,"parent":0,"menu_order":0,"comment_status":"closed","ping_status":"closed","template":"","meta":{"footnotes":""},"class_list":["post-28","page","type-page","status-publish","hentry"],"_links":{"self":[{"href":"https:\/\/artfexmusic.com.br\/weddings\/wp-json\/wp\/v2\/pages\/28","targetHints":{"allow":["GET"]}}],"collection":[{"href":"https:\/\/artfexmusic.com.br\/weddings\/wp-json\/wp\/v2\/pages"}],"about":[{"href":"https:\/\/artfexmusic.com.br\/weddings\/wp-json\/wp\/v2\/types\/page"}],"author":[{"embeddable":true,"href":"https:\/\/artfexmusic.com.br\/weddings\/wp-json\/wp\/v2\/users\/1"}],"replies":[{"embeddable":true,"href":"https:\/\/artfexmusic.com.br\/weddings\/wp-json\/wp\/v2\/comments?post=28"}],"version-history":[{"count":49,"href":"https:\/\/artfexmusic.com.br\/weddings\/wp-json\/wp\/v2\/pages\/28\/revisions"}],"predecessor-version":[{"id":487,"href":"https:\/\/artfexmusic.com.br\/weddings\/wp-json\/wp\/v2\/pages\/28\/revisions\/487"}],"wp:attachment":[{"href":"https:\/\/artfexmusic.com.br\/weddings\/wp-json\/wp\/v2\/media?parent=28"}],"curies":[{"name":"wp","href":"https:\/\/api.w.org\/{rel}","templated":true}]}}